{"id":1045919,"date":"2025-04-06T16:30:19","date_gmt":"2025-04-06T15:30:19","guid":{"rendered":"https:\/\/nyushke.com\/?post_type=product&#038;p=1045919"},"modified":"2025-05-13T15:28:04","modified_gmt":"2025-05-13T14:28:04","slug":"posudica-za-poslastice-marble-pink","status":"publish","type":"product","link":"https:\/\/nyushke.com\/en_us\/shop\/personalizirane-posudice\/posudica-za-poslastice-marble-pink\/","title":{"rendered":"Marble Pink Jar"},"content":{"rendered":"<div class=\"vgblk-rw-wrapper limit-wrapper\">An elegant treat bowl in a sophisticated pink marble color, perfect for keeping your pet&#039;s food and snacks fresh. The larger 1300 ml version can hold up to 800 g of dry food, while the smaller 360 ml version is ideal for approximately 200 g of food.<\/p>\n<p>Each jar comes with a bamboo lid and silicone seals, ensuring a tight seal and long-lasting freshness of the contents. A practical and aesthetic addition to any home!<\/p>\n<div id=\"gtx-trans\" style=\"position: absolute; left: 311px; top: 28.3333px;\">\n<div class=\"gtx-trans-icon\"><\/div>\n<\/div>\n<\/div>\n<p><!-- .vgblk-rw-wrapper --><\/p>","protected":false},"excerpt":{"rendered":"<p>An elegant treat bowl in a sophisticated pink marble color, perfect for keeping your pet&#039;s food and snacks fresh. The larger 1300 ml version can hold up to 800 g of dry food, while the smaller 360 ml version is ideal for approximately 200 g of food.<\/p>\n<p>Each jar comes with a bamboo lid and silicone seals, ensuring a tight seal and long-lasting freshness of the contents. A practical and aesthetic addition to any home!<\/p>\n<div id=\"gtx-trans\" style=\"position: absolute; left: 313px; top: 27.3333px;\">\n<div class=\"gtx-trans-icon\"><\/div>\n<\/div>","protected":false},"featured_media":1045555,"comment_status":"closed","ping_status":"closed","template":"","meta":[],"product_brand":[],"product_cat":[205],"product_tag":[],"class_list":{"0":"post-1045919","1":"product","2":"type-product","3":"status-publish","4":"has-post-thumbnail","6":"product_cat-personalizirane-posudice","7":"tm-no-options","9":"first","10":"instock","11":"taxable","12":"shipping-taxable","13":"purchasable","14":"product-type-simple"},"yoast_head":"<!-- This site is optimized with the Yoast SEO plugin v26.9 - https:\/\/yoast.com\/product\/yoast-seo-wordpress\/ -->\n<title>Posudica za poslastice Marble Pink - Nyushke<\/title>\n<meta name=\"robots\" content=\"index, follow, max-snippet:-1, max-image-preview:large, max-video-preview:-1\" \/>\n<link rel=\"canonical\" href=\"https:\/\/nyushke.com\/en_us\/shop\/personalizirane-posudice\/posudica-za-poslastice-marble-pink\/\" \/>\n<meta property=\"og:locale\" content=\"en_US\" \/>\n<meta property=\"og:type\" content=\"article\" \/>\n<meta property=\"og:title\" content=\"Posudica za poslastice Marble Pink - Nyushke\" \/>\n<meta property=\"og:description\" content=\"Elegantna posudica za poslastice u sofisticiranoj rozo - mramornoj boji, savr\u0161ena za \u010duvanje svje\u017eine hrane i grickalica va\u0161eg ljubimca. Ve\u0107a verzija od 1300 ml mo\u017ee pohraniti do 800 g suhe hrane, dok je manja, od 360 ml, idealna za otprilike 200 g hrane.  Svaka posudica dolazi s bambusovim poklopcem i silikonskim brtvama, osiguravaju\u0107i \u010dvrsto zatvaranje i dugotrajnu svje\u017einu sadr\u017eaja. Prakti\u010dan i estetski dodatak svakom domu!\" \/>\n<meta property=\"og:url\" content=\"https:\/\/nyushke.com\/en_us\/shop\/personalizirane-posudice\/posudica-za-poslastice-marble-pink\/\" \/>\n<meta property=\"og:site_name\" content=\"Nyushke\" \/>\n<meta property=\"article:modified_time\" content=\"2025-05-13T14:28:04+00:00\" \/>\n<meta property=\"og:image\" content=\"https:\/\/nyushke.com\/wp-content\/uploads\/2024\/07\/Marble-Pink-Jar-360ml1300ml_2-min.jpg\" \/>\n\t<meta property=\"og:image:width\" content=\"2078\" \/>\n\t<meta property=\"og:image:height\" content=\"2078\" \/>\n\t<meta property=\"og:image:type\" content=\"image\/jpeg\" \/>\n<meta name=\"twitter:card\" content=\"summary_large_image\" \/>\n<meta name=\"twitter:label1\" content=\"Est. reading time\" \/>\n\t<meta name=\"twitter:data1\" content=\"1 minute\" \/>\n<script type=\"application\/ld+json\" class=\"yoast-schema-graph\">{\"@context\":\"https:\/\/schema.org\",\"@graph\":[{\"@type\":\"WebPage\",\"@id\":\"https:\/\/nyushke.com\/shop\/personalizirane-posudice\/posudica-za-poslastice-marble-pink\/\",\"url\":\"https:\/\/nyushke.com\/shop\/personalizirane-posudice\/posudica-za-poslastice-marble-pink\/\",\"name\":\"Posudica za poslastice Marble Pink - Nyushke\",\"isPartOf\":{\"@id\":\"https:\/\/nyushke.com\/#website\"},\"primaryImageOfPage\":{\"@id\":\"https:\/\/nyushke.com\/shop\/personalizirane-posudice\/posudica-za-poslastice-marble-pink\/#primaryimage\"},\"image\":{\"@id\":\"https:\/\/nyushke.com\/shop\/personalizirane-posudice\/posudica-za-poslastice-marble-pink\/#primaryimage\"},\"thumbnailUrl\":\"https:\/\/nyushke.com\/wp-content\/uploads\/2024\/07\/Marble-Pink-Jar-360ml1300ml_2-min.jpg\",\"datePublished\":\"2025-04-06T15:30:19+00:00\",\"dateModified\":\"2025-05-13T14:28:04+00:00\",\"breadcrumb\":{\"@id\":\"https:\/\/nyushke.com\/shop\/personalizirane-posudice\/posudica-za-poslastice-marble-pink\/#breadcrumb\"},\"inLanguage\":\"en-US\",\"potentialAction\":[{\"@type\":\"ReadAction\",\"target\":[\"https:\/\/nyushke.com\/shop\/personalizirane-posudice\/posudica-za-poslastice-marble-pink\/\"]}]},{\"@type\":\"ImageObject\",\"inLanguage\":\"en-US\",\"@id\":\"https:\/\/nyushke.com\/shop\/personalizirane-posudice\/posudica-za-poslastice-marble-pink\/#primaryimage\",\"url\":\"https:\/\/nyushke.com\/wp-content\/uploads\/2024\/07\/Marble-Pink-Jar-360ml1300ml_2-min.jpg\",\"contentUrl\":\"https:\/\/nyushke.com\/wp-content\/uploads\/2024\/07\/Marble-Pink-Jar-360ml1300ml_2-min.jpg\",\"width\":2078,\"height\":2078},{\"@type\":\"BreadcrumbList\",\"@id\":\"https:\/\/nyushke.com\/shop\/personalizirane-posudice\/posudica-za-poslastice-marble-pink\/#breadcrumb\",\"itemListElement\":[{\"@type\":\"ListItem\",\"position\":1,\"name\":\"Home\",\"item\":\"https:\/\/nyushke.com\/hr\/\"},{\"@type\":\"ListItem\",\"position\":2,\"name\":\"Shop\",\"item\":\"https:\/\/nyushke.com\/shop\/\"},{\"@type\":\"ListItem\",\"position\":3,\"name\":\"Posudica za poslastice Marble Pink\"}]},{\"@type\":\"WebSite\",\"@id\":\"https:\/\/nyushke.com\/#website\",\"url\":\"https:\/\/nyushke.com\/\",\"name\":\"Nyushke\",\"description\":\"For pets with character\",\"publisher\":{\"@id\":\"https:\/\/nyushke.com\/#organization\"},\"potentialAction\":[{\"@type\":\"SearchAction\",\"target\":{\"@type\":\"EntryPoint\",\"urlTemplate\":\"https:\/\/nyushke.com\/?s={search_term_string}\"},\"query-input\":{\"@type\":\"PropertyValueSpecification\",\"valueRequired\":true,\"valueName\":\"search_term_string\"}}],\"inLanguage\":\"en-US\"},{\"@type\":\"Organization\",\"@id\":\"https:\/\/nyushke.com\/#organization\",\"name\":\"Nyushke\",\"url\":\"https:\/\/nyushke.com\/\",\"logo\":{\"@type\":\"ImageObject\",\"inLanguage\":\"en-US\",\"@id\":\"https:\/\/nyushke.com\/#\/schema\/logo\/image\/\",\"url\":\"https:\/\/nyushke.com\/wp-content\/uploads\/2022\/03\/nyushke-logo.png\",\"contentUrl\":\"https:\/\/nyushke.com\/wp-content\/uploads\/2022\/03\/nyushke-logo.png\",\"width\":597,\"height\":242,\"caption\":\"Nyushke\"},\"image\":{\"@id\":\"https:\/\/nyushke.com\/#\/schema\/logo\/image\/\"}}]}<\/script>\n<!-- \/ Yoast SEO plugin. -->","yoast_head_json":{"title":"Posudica za poslastice Marble Pink - Nyushke","robots":{"index":"index","follow":"follow","max-snippet":"max-snippet:-1","max-image-preview":"max-image-preview:large","max-video-preview":"max-video-preview:-1"},"canonical":"https:\/\/nyushke.com\/en_us\/shop\/personalizirane-posudice\/posudica-za-poslastice-marble-pink\/","og_locale":"en_US","og_type":"article","og_title":"Posudica za poslastice Marble Pink - Nyushke","og_description":"Elegantna posudica za poslastice u sofisticiranoj rozo - mramornoj boji, savr\u0161ena za \u010duvanje svje\u017eine hrane i grickalica va\u0161eg ljubimca. Ve\u0107a verzija od 1300 ml mo\u017ee pohraniti do 800 g suhe hrane, dok je manja, od 360 ml, idealna za otprilike 200 g hrane.  Svaka posudica dolazi s bambusovim poklopcem i silikonskim brtvama, osiguravaju\u0107i \u010dvrsto zatvaranje i dugotrajnu svje\u017einu sadr\u017eaja. Prakti\u010dan i estetski dodatak svakom domu!","og_url":"https:\/\/nyushke.com\/en_us\/shop\/personalizirane-posudice\/posudica-za-poslastice-marble-pink\/","og_site_name":"Nyushke","article_modified_time":"2025-05-13T14:28:04+00:00","og_image":[{"width":2078,"height":2078,"url":"https:\/\/nyushke.com\/wp-content\/uploads\/2024\/07\/Marble-Pink-Jar-360ml1300ml_2-min.jpg","type":"image\/jpeg"}],"twitter_card":"summary_large_image","twitter_misc":{"Est. reading time":"1 minute"},"schema":{"@context":"https:\/\/schema.org","@graph":[{"@type":"WebPage","@id":"https:\/\/nyushke.com\/shop\/personalizirane-posudice\/posudica-za-poslastice-marble-pink\/","url":"https:\/\/nyushke.com\/shop\/personalizirane-posudice\/posudica-za-poslastice-marble-pink\/","name":"Posudica za poslastice Marble Pink - Nyushke","isPartOf":{"@id":"https:\/\/nyushke.com\/#website"},"primaryImageOfPage":{"@id":"https:\/\/nyushke.com\/shop\/personalizirane-posudice\/posudica-za-poslastice-marble-pink\/#primaryimage"},"image":{"@id":"https:\/\/nyushke.com\/shop\/personalizirane-posudice\/posudica-za-poslastice-marble-pink\/#primaryimage"},"thumbnailUrl":"https:\/\/nyushke.com\/wp-content\/uploads\/2024\/07\/Marble-Pink-Jar-360ml1300ml_2-min.jpg","datePublished":"2025-04-06T15:30:19+00:00","dateModified":"2025-05-13T14:28:04+00:00","breadcrumb":{"@id":"https:\/\/nyushke.com\/shop\/personalizirane-posudice\/posudica-za-poslastice-marble-pink\/#breadcrumb"},"inLanguage":"en-US","potentialAction":[{"@type":"ReadAction","target":["https:\/\/nyushke.com\/shop\/personalizirane-posudice\/posudica-za-poslastice-marble-pink\/"]}]},{"@type":"ImageObject","inLanguage":"en-US","@id":"https:\/\/nyushke.com\/shop\/personalizirane-posudice\/posudica-za-poslastice-marble-pink\/#primaryimage","url":"https:\/\/nyushke.com\/wp-content\/uploads\/2024\/07\/Marble-Pink-Jar-360ml1300ml_2-min.jpg","contentUrl":"https:\/\/nyushke.com\/wp-content\/uploads\/2024\/07\/Marble-Pink-Jar-360ml1300ml_2-min.jpg","width":2078,"height":2078},{"@type":"BreadcrumbList","@id":"https:\/\/nyushke.com\/shop\/personalizirane-posudice\/posudica-za-poslastice-marble-pink\/#breadcrumb","itemListElement":[{"@type":"ListItem","position":1,"name":"Home","item":"https:\/\/nyushke.com\/hr\/"},{"@type":"ListItem","position":2,"name":"Shop","item":"https:\/\/nyushke.com\/shop\/"},{"@type":"ListItem","position":3,"name":"Posudica za poslastice Marble Pink"}]},{"@type":"WebSite","@id":"https:\/\/nyushke.com\/#website","url":"https:\/\/nyushke.com\/","name":"Nyushki","description":"For pets with character","publisher":{"@id":"https:\/\/nyushke.com\/#organization"},"potentialAction":[{"@type":"SearchAction","target":{"@type":"EntryPoint","urlTemplate":"https:\/\/nyushke.com\/?s={search_term_string}"},"query-input":{"@type":"PropertyValueSpecification","valueRequired":true,"valueName":"search_term_string"}}],"inLanguage":"en-US"},{"@type":"Organization","@id":"https:\/\/nyushke.com\/#organization","name":"Nyushki","url":"https:\/\/nyushke.com\/","logo":{"@type":"ImageObject","inLanguage":"en-US","@id":"https:\/\/nyushke.com\/#\/schema\/logo\/image\/","url":"https:\/\/nyushke.com\/wp-content\/uploads\/2022\/03\/nyushke-logo.png","contentUrl":"https:\/\/nyushke.com\/wp-content\/uploads\/2022\/03\/nyushke-logo.png","width":597,"height":242,"caption":"Nyushke"},"image":{"@id":"https:\/\/nyushke.com\/#\/schema\/logo\/image\/"}}]}},"_links":{"self":[{"href":"https:\/\/nyushke.com\/en_us\/wp-json\/wp\/v2\/product\/1045919","targetHints":{"allow":["GET"]}}],"collection":[{"href":"https:\/\/nyushke.com\/en_us\/wp-json\/wp\/v2\/product"}],"about":[{"href":"https:\/\/nyushke.com\/en_us\/wp-json\/wp\/v2\/types\/product"}],"replies":[{"embeddable":true,"href":"https:\/\/nyushke.com\/en_us\/wp-json\/wp\/v2\/comments?post=1045919"}],"version-history":[{"count":2,"href":"https:\/\/nyushke.com\/en_us\/wp-json\/wp\/v2\/product\/1045919\/revisions"}],"predecessor-version":[{"id":1045922,"href":"https:\/\/nyushke.com\/en_us\/wp-json\/wp\/v2\/product\/1045919\/revisions\/1045922"}],"wp:featuredmedia":[{"embeddable":true,"href":"https:\/\/nyushke.com\/en_us\/wp-json\/wp\/v2\/media\/1045555"}],"wp:attachment":[{"href":"https:\/\/nyushke.com\/en_us\/wp-json\/wp\/v2\/media?parent=1045919"}],"wp:term":[{"taxonomy":"product_brand","embeddable":true,"href":"https:\/\/nyushke.com\/en_us\/wp-json\/wp\/v2\/product_brand?post=1045919"},{"taxonomy":"product_cat","embeddable":true,"href":"https:\/\/nyushke.com\/en_us\/wp-json\/wp\/v2\/product_cat?post=1045919"},{"taxonomy":"product_tag","embeddable":true,"href":"https:\/\/nyushke.com\/en_us\/wp-json\/wp\/v2\/product_tag?post=1045919"}],"curies":[{"name":"wp","href":"https:\/\/api.w.org\/{rel}","templated":true}]}}