{"id":1045937,"date":"2025-04-07T20:32:28","date_gmt":"2025-04-07T19:32:28","guid":{"rendered":"https:\/\/nyushke.com\/?post_type=product&#038;p=1045937"},"modified":"2025-05-15T18:59:11","modified_gmt":"2025-05-15T17:59:11","slug":"s-1-paket","status":"publish","type":"product","link":"https:\/\/nyushke.com\/en_us\/shop\/paketi\/s-1-paket\/","title":{"rendered":"S-1 Package"},"content":{"rendered":"<div class=\"vgblk-rw-wrapper limit-wrapper\">Make every meal special with <strong>S-1 package<\/strong>, perfect for dogs weighing up to 10 kg such as Maltese, Pomeranians, Miniature Schnauzers and Pugs, as well as cats. This set brings practicality and style to your everyday life, and includes:<\/p>\n<ul>\n<li><strong>Two personalized S bowls (400 ml)<\/strong> \u2013 available on a single or double stand<\/li>\n<li><strong>Spacious dessert bowl (1300 ml)<\/strong> \u2013 for keeping larger treats and rewards fresh or a smaller food container<\/li>\n<li><strong>Personalized cork pet mat <\/strong>\u2013 protects floors, ensures stability of bowls and gives a special, extra spirit to the entire set<\/li>\n<\/ul>\n<p>This package offers a perfect combination of functionality and aesthetics, with a special discount on the complete set!<\/p><\/div>\n<p><!-- .vgblk-rw-wrapper --><\/p>","protected":false},"excerpt":{"rendered":"<p>Make every meal special with <strong>S-1 package<\/strong>, perfect for dogs weighing up to 10 kg such as Maltese, Pomeranians, Miniature Schnauzers and Pugs, as well as cats. This set brings practicality and style to your everyday life, and includes:<\/p>\n<ul>\n<li><strong>Two personalized S bowls (400 ml)<\/strong> \u2013 available on a single or double stand<\/li>\n<li><strong>Spacious dessert bowl (1300 ml)<\/strong> \u2013 for keeping larger treats and rewards fresh or a smaller food container<\/li>\n<li><strong>Personalized cork pet mat<\/strong>\u2013 protects floors, ensures stability of bowls and gives a special, extra spirit to the entire set<\/li>\n<\/ul>\n<p>This package offers a perfect combination of functionality and aesthetics, with a special discount on the complete set!<\/p>\n<div id=\"gtx-trans\" style=\"position: absolute; left: 287px; top: -19px;\">\n<div class=\"gtx-trans-icon\"><\/div>\n<\/div>","protected":false},"featured_media":1045691,"comment_status":"closed","ping_status":"closed","template":"","meta":[],"product_brand":[],"product_cat":[151],"product_tag":[],"class_list":{"0":"post-1045937","1":"product","2":"type-product","3":"status-publish","4":"has-post-thumbnail","6":"product_cat-paketi","7":"tm-no-options","9":"first","10":"instock","11":"taxable","12":"shipping-taxable","13":"purchasable","14":"product-type-simple"},"yoast_head":"<!-- This site is optimized with the Yoast SEO plugin v26.9 - https:\/\/yoast.com\/product\/yoast-seo-wordpress\/ -->\n<title>S-1 Paket - Nyushke<\/title>\n<meta name=\"robots\" content=\"index, follow, max-snippet:-1, max-image-preview:large, max-video-preview:-1\" \/>\n<link rel=\"canonical\" href=\"https:\/\/nyushke.com\/en_us\/shop\/paketi\/s-1-paket\/\" \/>\n<meta property=\"og:locale\" content=\"en_US\" \/>\n<meta property=\"og:type\" content=\"article\" \/>\n<meta property=\"og:title\" content=\"S-1 Paket - Nyushke\" \/>\n<meta property=\"og:description\" content=\"U\u010dinite svaki obrok posebnim uz S-1 paket, savr\u0161en za pse te\u017eine do 10 kg poput maltezera, pomeranaca, patuljastih \u0161naucera i mopseva, kao i za ma\u010dke. Ovaj set donosi prakti\u010dnost i stil u va\u0161u svakodnevicu, a uklju\u010duje:   Dvije personalizirane S zdjelice (400 ml) \u2013 dostupne na pojedina\u010dnom ili dvostrukom postolju  Prostranu posudicu za poslastice (1300 ml) \u2013 za svje\u017einu ve\u0107ih poslastica i nagradica ili manji spremnik za hranu  Personalizirani podlo\u017eak od bru\u0161enog pluta\u2013 \u0161titi podove, osigurava stabilnost zdjelica i daje poseban, dodatni duh cijelom kompletu  Ovaj paket nudi savr\u0161en spoj funkcionalnosti i estetike, uz poseban popust na kompletan set!\" \/>\n<meta property=\"og:url\" content=\"https:\/\/nyushke.com\/en_us\/shop\/paketi\/s-1-paket\/\" \/>\n<meta property=\"og:site_name\" content=\"Nyushke\" \/>\n<meta property=\"article:modified_time\" content=\"2025-05-15T17:59:11+00:00\" \/>\n<meta property=\"og:image\" content=\"https:\/\/nyushke.com\/wp-content\/uploads\/2025\/02\/Marble-Pink-Combo-Package_3-min-3-1.jpg\" \/>\n\t<meta property=\"og:image:width\" content=\"1590\" \/>\n\t<meta property=\"og:image:height\" content=\"1590\" \/>\n\t<meta property=\"og:image:type\" content=\"image\/jpeg\" \/>\n<meta name=\"twitter:card\" content=\"summary_large_image\" \/>\n<meta name=\"twitter:label1\" content=\"Est. reading time\" \/>\n\t<meta name=\"twitter:data1\" content=\"1 minute\" \/>\n<script type=\"application\/ld+json\" class=\"yoast-schema-graph\">{\"@context\":\"https:\/\/schema.org\",\"@graph\":[{\"@type\":\"WebPage\",\"@id\":\"https:\/\/nyushke.com\/shop\/paketi\/s-1-paket\/\",\"url\":\"https:\/\/nyushke.com\/shop\/paketi\/s-1-paket\/\",\"name\":\"S-1 Paket - Nyushke\",\"isPartOf\":{\"@id\":\"https:\/\/nyushke.com\/#website\"},\"primaryImageOfPage\":{\"@id\":\"https:\/\/nyushke.com\/shop\/paketi\/s-1-paket\/#primaryimage\"},\"image\":{\"@id\":\"https:\/\/nyushke.com\/shop\/paketi\/s-1-paket\/#primaryimage\"},\"thumbnailUrl\":\"https:\/\/nyushke.com\/wp-content\/uploads\/2025\/02\/Marble-Pink-Combo-Package_3-min-3-1.jpg\",\"datePublished\":\"2025-04-07T19:32:28+00:00\",\"dateModified\":\"2025-05-15T17:59:11+00:00\",\"breadcrumb\":{\"@id\":\"https:\/\/nyushke.com\/shop\/paketi\/s-1-paket\/#breadcrumb\"},\"inLanguage\":\"en-US\",\"potentialAction\":[{\"@type\":\"ReadAction\",\"target\":[\"https:\/\/nyushke.com\/shop\/paketi\/s-1-paket\/\"]}]},{\"@type\":\"ImageObject\",\"inLanguage\":\"en-US\",\"@id\":\"https:\/\/nyushke.com\/shop\/paketi\/s-1-paket\/#primaryimage\",\"url\":\"https:\/\/nyushke.com\/wp-content\/uploads\/2025\/02\/Marble-Pink-Combo-Package_3-min-3-1.jpg\",\"contentUrl\":\"https:\/\/nyushke.com\/wp-content\/uploads\/2025\/02\/Marble-Pink-Combo-Package_3-min-3-1.jpg\",\"width\":1590,\"height\":1590},{\"@type\":\"BreadcrumbList\",\"@id\":\"https:\/\/nyushke.com\/shop\/paketi\/s-1-paket\/#breadcrumb\",\"itemListElement\":[{\"@type\":\"ListItem\",\"position\":1,\"name\":\"Home\",\"item\":\"https:\/\/nyushke.com\/hr\/\"},{\"@type\":\"ListItem\",\"position\":2,\"name\":\"Shop\",\"item\":\"https:\/\/nyushke.com\/shop\/\"},{\"@type\":\"ListItem\",\"position\":3,\"name\":\"S-1 Paket\"}]},{\"@type\":\"WebSite\",\"@id\":\"https:\/\/nyushke.com\/#website\",\"url\":\"https:\/\/nyushke.com\/\",\"name\":\"Nyushke\",\"description\":\"For pets with character\",\"publisher\":{\"@id\":\"https:\/\/nyushke.com\/#organization\"},\"potentialAction\":[{\"@type\":\"SearchAction\",\"target\":{\"@type\":\"EntryPoint\",\"urlTemplate\":\"https:\/\/nyushke.com\/?s={search_term_string}\"},\"query-input\":{\"@type\":\"PropertyValueSpecification\",\"valueRequired\":true,\"valueName\":\"search_term_string\"}}],\"inLanguage\":\"en-US\"},{\"@type\":\"Organization\",\"@id\":\"https:\/\/nyushke.com\/#organization\",\"name\":\"Nyushke\",\"url\":\"https:\/\/nyushke.com\/\",\"logo\":{\"@type\":\"ImageObject\",\"inLanguage\":\"en-US\",\"@id\":\"https:\/\/nyushke.com\/#\/schema\/logo\/image\/\",\"url\":\"https:\/\/nyushke.com\/wp-content\/uploads\/2022\/03\/nyushke-logo.png\",\"contentUrl\":\"https:\/\/nyushke.com\/wp-content\/uploads\/2022\/03\/nyushke-logo.png\",\"width\":597,\"height\":242,\"caption\":\"Nyushke\"},\"image\":{\"@id\":\"https:\/\/nyushke.com\/#\/schema\/logo\/image\/\"}}]}<\/script>\n<!-- \/ Yoast SEO plugin. -->","yoast_head_json":{"title":"S-1 Paket - Nyushke","robots":{"index":"index","follow":"follow","max-snippet":"max-snippet:-1","max-image-preview":"max-image-preview:large","max-video-preview":"max-video-preview:-1"},"canonical":"https:\/\/nyushke.com\/en_us\/shop\/paketi\/s-1-paket\/","og_locale":"en_US","og_type":"article","og_title":"S-1 Paket - Nyushke","og_description":"U\u010dinite svaki obrok posebnim uz S-1 paket, savr\u0161en za pse te\u017eine do 10 kg poput maltezera, pomeranaca, patuljastih \u0161naucera i mopseva, kao i za ma\u010dke. Ovaj set donosi prakti\u010dnost i stil u va\u0161u svakodnevicu, a uklju\u010duje:   Dvije personalizirane S zdjelice (400 ml) \u2013 dostupne na pojedina\u010dnom ili dvostrukom postolju  Prostranu posudicu za poslastice (1300 ml) \u2013 za svje\u017einu ve\u0107ih poslastica i nagradica ili manji spremnik za hranu  Personalizirani podlo\u017eak od bru\u0161enog pluta\u2013 \u0161titi podove, osigurava stabilnost zdjelica i daje poseban, dodatni duh cijelom kompletu  Ovaj paket nudi savr\u0161en spoj funkcionalnosti i estetike, uz poseban popust na kompletan set!","og_url":"https:\/\/nyushke.com\/en_us\/shop\/paketi\/s-1-paket\/","og_site_name":"Nyushke","article_modified_time":"2025-05-15T17:59:11+00:00","og_image":[{"width":1590,"height":1590,"url":"https:\/\/nyushke.com\/wp-content\/uploads\/2025\/02\/Marble-Pink-Combo-Package_3-min-3-1.jpg","type":"image\/jpeg"}],"twitter_card":"summary_large_image","twitter_misc":{"Est. reading time":"1 minute"},"schema":{"@context":"https:\/\/schema.org","@graph":[{"@type":"WebPage","@id":"https:\/\/nyushke.com\/shop\/paketi\/s-1-paket\/","url":"https:\/\/nyushke.com\/shop\/paketi\/s-1-paket\/","name":"S-1 Paket - Nyushke","isPartOf":{"@id":"https:\/\/nyushke.com\/#website"},"primaryImageOfPage":{"@id":"https:\/\/nyushke.com\/shop\/paketi\/s-1-paket\/#primaryimage"},"image":{"@id":"https:\/\/nyushke.com\/shop\/paketi\/s-1-paket\/#primaryimage"},"thumbnailUrl":"https:\/\/nyushke.com\/wp-content\/uploads\/2025\/02\/Marble-Pink-Combo-Package_3-min-3-1.jpg","datePublished":"2025-04-07T19:32:28+00:00","dateModified":"2025-05-15T17:59:11+00:00","breadcrumb":{"@id":"https:\/\/nyushke.com\/shop\/paketi\/s-1-paket\/#breadcrumb"},"inLanguage":"en-US","potentialAction":[{"@type":"ReadAction","target":["https:\/\/nyushke.com\/shop\/paketi\/s-1-paket\/"]}]},{"@type":"ImageObject","inLanguage":"en-US","@id":"https:\/\/nyushke.com\/shop\/paketi\/s-1-paket\/#primaryimage","url":"https:\/\/nyushke.com\/wp-content\/uploads\/2025\/02\/Marble-Pink-Combo-Package_3-min-3-1.jpg","contentUrl":"https:\/\/nyushke.com\/wp-content\/uploads\/2025\/02\/Marble-Pink-Combo-Package_3-min-3-1.jpg","width":1590,"height":1590},{"@type":"BreadcrumbList","@id":"https:\/\/nyushke.com\/shop\/paketi\/s-1-paket\/#breadcrumb","itemListElement":[{"@type":"ListItem","position":1,"name":"Home","item":"https:\/\/nyushke.com\/hr\/"},{"@type":"ListItem","position":2,"name":"Shop","item":"https:\/\/nyushke.com\/shop\/"},{"@type":"ListItem","position":3,"name":"S-1 Paket"}]},{"@type":"WebSite","@id":"https:\/\/nyushke.com\/#website","url":"https:\/\/nyushke.com\/","name":"Nyushki","description":"For pets with character","publisher":{"@id":"https:\/\/nyushke.com\/#organization"},"potentialAction":[{"@type":"SearchAction","target":{"@type":"EntryPoint","urlTemplate":"https:\/\/nyushke.com\/?s={search_term_string}"},"query-input":{"@type":"PropertyValueSpecification","valueRequired":true,"valueName":"search_term_string"}}],"inLanguage":"en-US"},{"@type":"Organization","@id":"https:\/\/nyushke.com\/#organization","name":"Nyushki","url":"https:\/\/nyushke.com\/","logo":{"@type":"ImageObject","inLanguage":"en-US","@id":"https:\/\/nyushke.com\/#\/schema\/logo\/image\/","url":"https:\/\/nyushke.com\/wp-content\/uploads\/2022\/03\/nyushke-logo.png","contentUrl":"https:\/\/nyushke.com\/wp-content\/uploads\/2022\/03\/nyushke-logo.png","width":597,"height":242,"caption":"Nyushke"},"image":{"@id":"https:\/\/nyushke.com\/#\/schema\/logo\/image\/"}}]}},"_links":{"self":[{"href":"https:\/\/nyushke.com\/en_us\/wp-json\/wp\/v2\/product\/1045937","targetHints":{"allow":["GET"]}}],"collection":[{"href":"https:\/\/nyushke.com\/en_us\/wp-json\/wp\/v2\/product"}],"about":[{"href":"https:\/\/nyushke.com\/en_us\/wp-json\/wp\/v2\/types\/product"}],"replies":[{"embeddable":true,"href":"https:\/\/nyushke.com\/en_us\/wp-json\/wp\/v2\/comments?post=1045937"}],"version-history":[{"count":2,"href":"https:\/\/nyushke.com\/en_us\/wp-json\/wp\/v2\/product\/1045937\/revisions"}],"predecessor-version":[{"id":1045939,"href":"https:\/\/nyushke.com\/en_us\/wp-json\/wp\/v2\/product\/1045937\/revisions\/1045939"}],"wp:featuredmedia":[{"embeddable":true,"href":"https:\/\/nyushke.com\/en_us\/wp-json\/wp\/v2\/media\/1045691"}],"wp:attachment":[{"href":"https:\/\/nyushke.com\/en_us\/wp-json\/wp\/v2\/media?parent=1045937"}],"wp:term":[{"taxonomy":"product_brand","embeddable":true,"href":"https:\/\/nyushke.com\/en_us\/wp-json\/wp\/v2\/product_brand?post=1045937"},{"taxonomy":"product_cat","embeddable":true,"href":"https:\/\/nyushke.com\/en_us\/wp-json\/wp\/v2\/product_cat?post=1045937"},{"taxonomy":"product_tag","embeddable":true,"href":"https:\/\/nyushke.com\/en_us\/wp-json\/wp\/v2\/product_tag?post=1045937"}],"curies":[{"name":"wp","href":"https:\/\/api.w.org\/{rel}","templated":true}]}}