{"id":1045923,"date":"2025-04-06T16:43:17","date_gmt":"2025-04-06T15:43:17","guid":{"rendered":"https:\/\/nyushke.com\/?post_type=product&#038;p=1045923"},"modified":"2025-05-13T15:32:30","modified_gmt":"2025-05-13T14:32:30","slug":"posudica-za-poslastice-matte-green-530ml","status":"publish","type":"product","link":"https:\/\/nyushke.com\/hr\/shop\/personalizirane-posudice\/posudica-za-poslastice-matte-green-530ml\/","title":{"rendered":"Posudica za poslastice Matte Green 530ml"},"content":{"rendered":"<div class=\"vgblk-rw-wrapper limit-wrapper\">Elegantna i prakti\u010dna posudica za poslastice u modernoj mat zelenoj boji, idealna za \u010duvanje hrane i grickalica va\u0161eg ljubimca. Kapaciteta 530 ml, mo\u017ee dr\u017eati oko 300 g suhe hrane, pru\u017eaju\u0107i prakti\u010dno rje\u0161enje za svakodnevne potrebe.<\/p>\n<p>Bambusov poklopac s unutarnjim silikonskim brtvama osigurava \u010dvrsto zatvaranje, \u010duvaju\u0107i svje\u017einu i aromu sadr\u017eaja. Funkcionalan i estetski dodatak svakom kutku va\u0161eg doma!<\/p><\/div>\n<p><!-- .vgblk-rw-wrapper --><\/p>\n","protected":false},"excerpt":{"rendered":"<p>Elegantna i prakti\u010dna posudica za poslastice u modernoj mat zelenoj boji, idealna za \u010duvanje hrane i grickalica va\u0161eg ljubimca. Kapaciteta 530 ml, mo\u017ee dr\u017eati oko 300 g suhe hrane, pru\u017eaju\u0107i prakti\u010dno rje\u0161enje za svakodnevne potrebe.<\/p>\n<p>Bambusov poklopac s unutarnjim silikonskim brtvama osigurava \u010dvrsto zatvaranje, \u010duvaju\u0107i svje\u017einu i aromu sadr\u017eaja. Funkcionalan i estetski dodatak svakom kutku va\u0161eg doma!<\/p>\n","protected":false},"featured_media":1045553,"comment_status":"closed","ping_status":"closed","template":"","meta":[],"product_brand":[],"product_cat":[205],"product_tag":[],"class_list":{"0":"post-1045923","1":"product","2":"type-product","3":"status-publish","4":"has-post-thumbnail","6":"product_cat-personalizirane-posudice","7":"tm-no-options","9":"first","10":"instock","11":"taxable","12":"shipping-taxable","13":"purchasable","14":"product-type-simple"},"yoast_head":"<!-- This site is optimized with the Yoast SEO plugin v26.9 - https:\/\/yoast.com\/product\/yoast-seo-wordpress\/ -->\n<title>Posudica za poslastice Matte Green 530ml - Nyushke<\/title>\n<meta name=\"robots\" content=\"index, follow, max-snippet:-1, max-image-preview:large, max-video-preview:-1\" \/>\n<link rel=\"canonical\" href=\"https:\/\/nyushke.com\/hr\/shop\/personalizirane-posudice\/posudica-za-poslastice-matte-green-530ml\/\" \/>\n<meta property=\"og:locale\" content=\"hr_HR\" \/>\n<meta property=\"og:type\" content=\"article\" \/>\n<meta property=\"og:title\" content=\"Posudica za poslastice Matte Green 530ml - Nyushke\" \/>\n<meta property=\"og:description\" content=\"Elegantna i prakti\u010dna posudica za poslastice u modernoj mat zelenoj boji, idealna za \u010duvanje hrane i grickalica va\u0161eg ljubimca. Kapaciteta 530 ml, mo\u017ee dr\u017eati oko 300 g suhe hrane, pru\u017eaju\u0107i prakti\u010dno rje\u0161enje za svakodnevne potrebe.  Bambusov poklopac s unutarnjim silikonskim brtvama osigurava \u010dvrsto zatvaranje, \u010duvaju\u0107i svje\u017einu i aromu sadr\u017eaja. Funkcionalan i estetski dodatak svakom kutku va\u0161eg doma!\" \/>\n<meta property=\"og:url\" content=\"https:\/\/nyushke.com\/hr\/shop\/personalizirane-posudice\/posudica-za-poslastice-matte-green-530ml\/\" \/>\n<meta property=\"og:site_name\" content=\"Nyushke\" \/>\n<meta property=\"article:modified_time\" content=\"2025-05-13T14:32:30+00:00\" \/>\n<meta property=\"og:image\" content=\"https:\/\/nyushke.com\/wp-content\/uploads\/2024\/07\/Matte-Green-Combo-package_2-min-scaled.jpg\" \/>\n\t<meta property=\"og:image:width\" content=\"2560\" \/>\n\t<meta property=\"og:image:height\" content=\"2560\" \/>\n\t<meta property=\"og:image:type\" content=\"image\/jpeg\" \/>\n<meta name=\"twitter:card\" content=\"summary_large_image\" \/>\n<meta name=\"twitter:label1\" content=\"Procijenjeno vrijeme \u010ditanja\" \/>\n\t<meta name=\"twitter:data1\" content=\"1 minuta\" \/>\n<script type=\"application\/ld+json\" class=\"yoast-schema-graph\">{\"@context\":\"https:\/\/schema.org\",\"@graph\":[{\"@type\":\"WebPage\",\"@id\":\"https:\/\/nyushke.com\/shop\/personalizirane-posudice\/posudica-za-poslastice-matte-green-530ml\/\",\"url\":\"https:\/\/nyushke.com\/shop\/personalizirane-posudice\/posudica-za-poslastice-matte-green-530ml\/\",\"name\":\"Posudica za poslastice Matte Green 530ml - Nyushke\",\"isPartOf\":{\"@id\":\"https:\/\/nyushke.com\/#website\"},\"primaryImageOfPage\":{\"@id\":\"https:\/\/nyushke.com\/shop\/personalizirane-posudice\/posudica-za-poslastice-matte-green-530ml\/#primaryimage\"},\"image\":{\"@id\":\"https:\/\/nyushke.com\/shop\/personalizirane-posudice\/posudica-za-poslastice-matte-green-530ml\/#primaryimage\"},\"thumbnailUrl\":\"https:\/\/nyushke.com\/wp-content\/uploads\/2024\/07\/Matte-Green-Combo-package_2-min-scaled.jpg\",\"datePublished\":\"2025-04-06T15:43:17+00:00\",\"dateModified\":\"2025-05-13T14:32:30+00:00\",\"breadcrumb\":{\"@id\":\"https:\/\/nyushke.com\/shop\/personalizirane-posudice\/posudica-za-poslastice-matte-green-530ml\/#breadcrumb\"},\"inLanguage\":\"hr\",\"potentialAction\":[{\"@type\":\"ReadAction\",\"target\":[\"https:\/\/nyushke.com\/shop\/personalizirane-posudice\/posudica-za-poslastice-matte-green-530ml\/\"]}]},{\"@type\":\"ImageObject\",\"inLanguage\":\"hr\",\"@id\":\"https:\/\/nyushke.com\/shop\/personalizirane-posudice\/posudica-za-poslastice-matte-green-530ml\/#primaryimage\",\"url\":\"https:\/\/nyushke.com\/wp-content\/uploads\/2024\/07\/Matte-Green-Combo-package_2-min-scaled.jpg\",\"contentUrl\":\"https:\/\/nyushke.com\/wp-content\/uploads\/2024\/07\/Matte-Green-Combo-package_2-min-scaled.jpg\",\"width\":2560,\"height\":2560},{\"@type\":\"BreadcrumbList\",\"@id\":\"https:\/\/nyushke.com\/shop\/personalizirane-posudice\/posudica-za-poslastice-matte-green-530ml\/#breadcrumb\",\"itemListElement\":[{\"@type\":\"ListItem\",\"position\":1,\"name\":\"Home\",\"item\":\"https:\/\/nyushke.com\/hr\/\"},{\"@type\":\"ListItem\",\"position\":2,\"name\":\"Shop\",\"item\":\"https:\/\/nyushke.com\/shop\/\"},{\"@type\":\"ListItem\",\"position\":3,\"name\":\"Posudica za poslastice Matte Green 530ml\"}]},{\"@type\":\"WebSite\",\"@id\":\"https:\/\/nyushke.com\/#website\",\"url\":\"https:\/\/nyushke.com\/\",\"name\":\"Nyushke\",\"description\":\"For pets with character\",\"publisher\":{\"@id\":\"https:\/\/nyushke.com\/#organization\"},\"potentialAction\":[{\"@type\":\"SearchAction\",\"target\":{\"@type\":\"EntryPoint\",\"urlTemplate\":\"https:\/\/nyushke.com\/?s={search_term_string}\"},\"query-input\":{\"@type\":\"PropertyValueSpecification\",\"valueRequired\":true,\"valueName\":\"search_term_string\"}}],\"inLanguage\":\"hr\"},{\"@type\":\"Organization\",\"@id\":\"https:\/\/nyushke.com\/#organization\",\"name\":\"Nyushke\",\"url\":\"https:\/\/nyushke.com\/\",\"logo\":{\"@type\":\"ImageObject\",\"inLanguage\":\"hr\",\"@id\":\"https:\/\/nyushke.com\/#\/schema\/logo\/image\/\",\"url\":\"https:\/\/nyushke.com\/wp-content\/uploads\/2022\/03\/nyushke-logo.png\",\"contentUrl\":\"https:\/\/nyushke.com\/wp-content\/uploads\/2022\/03\/nyushke-logo.png\",\"width\":597,\"height\":242,\"caption\":\"Nyushke\"},\"image\":{\"@id\":\"https:\/\/nyushke.com\/#\/schema\/logo\/image\/\"}}]}<\/script>\n<!-- \/ Yoast SEO plugin. -->","yoast_head_json":{"title":"Posudica za poslastice Matte Green 530ml - Nyushke","robots":{"index":"index","follow":"follow","max-snippet":"max-snippet:-1","max-image-preview":"max-image-preview:large","max-video-preview":"max-video-preview:-1"},"canonical":"https:\/\/nyushke.com\/hr\/shop\/personalizirane-posudice\/posudica-za-poslastice-matte-green-530ml\/","og_locale":"hr_HR","og_type":"article","og_title":"Posudica za poslastice Matte Green 530ml - Nyushke","og_description":"Elegantna i prakti\u010dna posudica za poslastice u modernoj mat zelenoj boji, idealna za \u010duvanje hrane i grickalica va\u0161eg ljubimca. Kapaciteta 530 ml, mo\u017ee dr\u017eati oko 300 g suhe hrane, pru\u017eaju\u0107i prakti\u010dno rje\u0161enje za svakodnevne potrebe.  Bambusov poklopac s unutarnjim silikonskim brtvama osigurava \u010dvrsto zatvaranje, \u010duvaju\u0107i svje\u017einu i aromu sadr\u017eaja. Funkcionalan i estetski dodatak svakom kutku va\u0161eg doma!","og_url":"https:\/\/nyushke.com\/hr\/shop\/personalizirane-posudice\/posudica-za-poslastice-matte-green-530ml\/","og_site_name":"Nyushke","article_modified_time":"2025-05-13T14:32:30+00:00","og_image":[{"width":2560,"height":2560,"url":"https:\/\/nyushke.com\/wp-content\/uploads\/2024\/07\/Matte-Green-Combo-package_2-min-scaled.jpg","type":"image\/jpeg"}],"twitter_card":"summary_large_image","twitter_misc":{"Procijenjeno vrijeme \u010ditanja":"1 minuta"},"schema":{"@context":"https:\/\/schema.org","@graph":[{"@type":"WebPage","@id":"https:\/\/nyushke.com\/shop\/personalizirane-posudice\/posudica-za-poslastice-matte-green-530ml\/","url":"https:\/\/nyushke.com\/shop\/personalizirane-posudice\/posudica-za-poslastice-matte-green-530ml\/","name":"Posudica za poslastice Matte Green 530ml - Nyushke","isPartOf":{"@id":"https:\/\/nyushke.com\/#website"},"primaryImageOfPage":{"@id":"https:\/\/nyushke.com\/shop\/personalizirane-posudice\/posudica-za-poslastice-matte-green-530ml\/#primaryimage"},"image":{"@id":"https:\/\/nyushke.com\/shop\/personalizirane-posudice\/posudica-za-poslastice-matte-green-530ml\/#primaryimage"},"thumbnailUrl":"https:\/\/nyushke.com\/wp-content\/uploads\/2024\/07\/Matte-Green-Combo-package_2-min-scaled.jpg","datePublished":"2025-04-06T15:43:17+00:00","dateModified":"2025-05-13T14:32:30+00:00","breadcrumb":{"@id":"https:\/\/nyushke.com\/shop\/personalizirane-posudice\/posudica-za-poslastice-matte-green-530ml\/#breadcrumb"},"inLanguage":"hr","potentialAction":[{"@type":"ReadAction","target":["https:\/\/nyushke.com\/shop\/personalizirane-posudice\/posudica-za-poslastice-matte-green-530ml\/"]}]},{"@type":"ImageObject","inLanguage":"hr","@id":"https:\/\/nyushke.com\/shop\/personalizirane-posudice\/posudica-za-poslastice-matte-green-530ml\/#primaryimage","url":"https:\/\/nyushke.com\/wp-content\/uploads\/2024\/07\/Matte-Green-Combo-package_2-min-scaled.jpg","contentUrl":"https:\/\/nyushke.com\/wp-content\/uploads\/2024\/07\/Matte-Green-Combo-package_2-min-scaled.jpg","width":2560,"height":2560},{"@type":"BreadcrumbList","@id":"https:\/\/nyushke.com\/shop\/personalizirane-posudice\/posudica-za-poslastice-matte-green-530ml\/#breadcrumb","itemListElement":[{"@type":"ListItem","position":1,"name":"Home","item":"https:\/\/nyushke.com\/hr\/"},{"@type":"ListItem","position":2,"name":"Shop","item":"https:\/\/nyushke.com\/shop\/"},{"@type":"ListItem","position":3,"name":"Posudica za poslastice Matte Green 530ml"}]},{"@type":"WebSite","@id":"https:\/\/nyushke.com\/#website","url":"https:\/\/nyushke.com\/","name":"Nyushke","description":"For pets with character","publisher":{"@id":"https:\/\/nyushke.com\/#organization"},"potentialAction":[{"@type":"SearchAction","target":{"@type":"EntryPoint","urlTemplate":"https:\/\/nyushke.com\/?s={search_term_string}"},"query-input":{"@type":"PropertyValueSpecification","valueRequired":true,"valueName":"search_term_string"}}],"inLanguage":"hr"},{"@type":"Organization","@id":"https:\/\/nyushke.com\/#organization","name":"Nyushke","url":"https:\/\/nyushke.com\/","logo":{"@type":"ImageObject","inLanguage":"hr","@id":"https:\/\/nyushke.com\/#\/schema\/logo\/image\/","url":"https:\/\/nyushke.com\/wp-content\/uploads\/2022\/03\/nyushke-logo.png","contentUrl":"https:\/\/nyushke.com\/wp-content\/uploads\/2022\/03\/nyushke-logo.png","width":597,"height":242,"caption":"Nyushke"},"image":{"@id":"https:\/\/nyushke.com\/#\/schema\/logo\/image\/"}}]}},"_links":{"self":[{"href":"https:\/\/nyushke.com\/hr\/wp-json\/wp\/v2\/product\/1045923","targetHints":{"allow":["GET"]}}],"collection":[{"href":"https:\/\/nyushke.com\/hr\/wp-json\/wp\/v2\/product"}],"about":[{"href":"https:\/\/nyushke.com\/hr\/wp-json\/wp\/v2\/types\/product"}],"replies":[{"embeddable":true,"href":"https:\/\/nyushke.com\/hr\/wp-json\/wp\/v2\/comments?post=1045923"}],"version-history":[{"count":2,"href":"https:\/\/nyushke.com\/hr\/wp-json\/wp\/v2\/product\/1045923\/revisions"}],"predecessor-version":[{"id":1045927,"href":"https:\/\/nyushke.com\/hr\/wp-json\/wp\/v2\/product\/1045923\/revisions\/1045927"}],"wp:featuredmedia":[{"embeddable":true,"href":"https:\/\/nyushke.com\/hr\/wp-json\/wp\/v2\/media\/1045553"}],"wp:attachment":[{"href":"https:\/\/nyushke.com\/hr\/wp-json\/wp\/v2\/media?parent=1045923"}],"wp:term":[{"taxonomy":"product_brand","embeddable":true,"href":"https:\/\/nyushke.com\/hr\/wp-json\/wp\/v2\/product_brand?post=1045923"},{"taxonomy":"product_cat","embeddable":true,"href":"https:\/\/nyushke.com\/hr\/wp-json\/wp\/v2\/product_cat?post=1045923"},{"taxonomy":"product_tag","embeddable":true,"href":"https:\/\/nyushke.com\/hr\/wp-json\/wp\/v2\/product_tag?post=1045923"}],"curies":[{"name":"wp","href":"https:\/\/api.w.org\/{rel}","templated":true}]}}